{"id":1759,"date":"2022-11-08T20:02:01","date_gmt":"2022-11-08T20:02:01","guid":{"rendered":"https:\/\/essentialfacts.ca\/esports-and-streaming\/"},"modified":"2022-11-09T03:39:58","modified_gmt":"2022-11-09T03:39:58","slug":"esports-and-streaming","status":"publish","type":"page","link":"https:\/\/essentialfacts.ca\/fr\/esports-and-streaming\/","title":{"rendered":"Sports \u00e9lectroniques et jeu en continu"},"content":{"rendered":"<div class=\"fusion-fullwidth fullwidth-box fusion-builder-row-1 fusion-flex-container has-pattern-background has-mask-background nonhundred-percent-fullwidth non-hundred-percent-height-scrolling\" style=\"background-color: rgba(255,255,255,0);background-position: center center;background-repeat: no-repeat;border-width: 0px 0px 0px 0px;border-color:var(--awb-color2);border-style:solid;\" ><div class=\"fusion-builder-row fusion-row fusion-flex-align-items-flex-start\" style=\"max-width:1144px;margin-left: calc(-4% \/ 2 );margin-right: calc(-4% \/ 2 );\"><div class=\"fusion-layout-column fusion_builder_column fusion-builder-column-0 fusion_builder_column_1_1 1_1 fusion-flex-column\"><div class=\"fusion-column-wrapper fusion-flex-justify-content-flex-start fusion-content-layout-column\" style=\"background-position:left top;background-repeat:no-repeat;-webkit-background-size:cover;-moz-background-size:cover;-o-background-size:cover;background-size:cover;padding: 0px 0px 0px 0px;\"><style type=\"text\/css\">@media only screen and (max-width:1024px) {.fusion-title.fusion-title-1{margin-top:30px!important; margin-right:0px!important;margin-bottom:31px!important;margin-left:0px!important;}}@media only screen and (max-width:640px) {.fusion-title.fusion-title-1{margin-top:30px!important; margin-right:0px!important;margin-bottom:20px!important; margin-left:0px!important;}}<\/style><div class=\"fusion-title title fusion-title-1 fusion-sep-none fusion-title-center fusion-title-text fusion-title-size-two\" style=\"font-size:36px;margin-top:30px;margin-right:0px;margin-bottom:31px;margin-left:0px;\"><h2 class=\"title-heading-center fusion-responsive-typography-calculated\" style=\"margin:0;font-size:1em;--fontSize:36;line-height:var(--awb-typography1-line-height);\">Sports \u00e9lectroniques et jeu en continu<\/h2><\/div><div class=\"fusion-separator fusion-full-width-sep\" style=\"align-self: center;margin-left: auto;margin-right: auto;margin-top:25px;width:100%;\"><\/div><div class=\"fusion-text fusion-text-1\"><p>La popularit\u00e9 des sports \u00e9lectroniques continue de cro\u00eetre, un tiers des joueurs adultes ont particip\u00e9 \u00e0 des activit\u00e9s li\u00e9es au sport \u00e9lectronique, et les trois quarts des adolescents ont d\u00e9clar\u00e9 qu\u2019ils consid\u00e8rent maintenant les sports \u00e9lectroniques comme un choix de carri\u00e8re viable.<\/p>\n<\/div><div class=\"fusion-separator fusion-full-width-sep\" style=\"align-self: center;margin-left: auto;margin-right: auto;margin-top:25px;width:100%;\"><\/div><div class=\"fusion-text fusion-text-2\"><p style=\"text-align: center;\"><span style=\"background-color: rgba(255, 255, 255, 0); color: var(--body_typography-color); font-family: var(--body_typography-font-family); font-size: 18px; font-style: var(--body_typography-font-style,normal); letter-spacing: var(--body_typography-letter-spacing);\" data-fusion-font=\"true\"><b>Ont particip\u00e9 \u00e0 des activit\u00e9s li\u00e9es au sport \u00e9lectronique dans la derni\u00e8re ann\u00e9e &#8211; Adultes<\/b><\/span><br \/>\n<i><span style=\"background-color: rgba(255, 255, 255, 0); color: var(--body_typography-color); font-family: var(--body_typography-font-family); font-size: var(--body_typography-font-size); font-weight: var(--body_typography-font-weight); letter-spacing: var(--body_typography-letter-spacing);\">Nombre total d\u2019adultes utilisateurs de jeux vid\u00e9o <\/span><span style=\"background-color: rgba(255, 255, 255, 0); color: var(--body_typography-color); font-family: var(--body_typography-font-family); font-size: var(--body_typography-font-size); font-weight: var(--body_typography-font-weight); letter-spacing: var(--body_typography-letter-spacing);\">(n=2 575)<\/span><\/i><\/p>\n<\/div><div style=\"text-align:center;\"><span class=\" fusion-imageframe imageframe-none imageframe-1 hover-type-none\" style=\"max-width:500px;\"><img decoding=\"async\" width=\"3097\" height=\"2482\" title=\"Slide19B@4x\" src=\"https:\/\/essentialfacts.ca\/wp-content\/uploads\/2022\/11\/Slide19B@4x.png\" data-orig-src=\"https:\/\/essentialfacts.ca\/wp-content\/uploads\/2022\/11\/Slide19B@4x.png\" alt class=\"lazyload img-responsive wp-image-1814\" srcset=\"data:image\/svg+xml,%3Csvg%20xmlns%3D%27http%3A%2F%2Fwww.w3.org%2F2000%2Fsvg%27%20width%3D%273097%27%20height%3D%272482%27%20viewBox%3D%270%200%203097%202482%27%3E%3Crect%20width%3D%273097%27%20height%3D%272482%27%20fill-opacity%3D%220%22%2F%3E%3C%2Fsvg%3E\" data-srcset=\"https:\/\/essentialfacts.ca\/wp-content\/uploads\/2022\/11\/Slide19B@4x-200x160.png 200w, https:\/\/essentialfacts.ca\/wp-content\/uploads\/2022\/11\/Slide19B@4x-400x321.png 400w, https:\/\/essentialfacts.ca\/wp-content\/uploads\/2022\/11\/Slide19B@4x-600x481.png 600w, https:\/\/essentialfacts.ca\/wp-content\/uploads\/2022\/11\/Slide19B@4x-800x641.png 800w, https:\/\/essentialfacts.ca\/wp-content\/uploads\/2022\/11\/Slide19B@4x-1200x962.png 1200w, https:\/\/essentialfacts.ca\/wp-content\/uploads\/2022\/11\/Slide19B@4x.png 3097w\" data-sizes=\"auto\" data-orig-sizes=\"(max-width: 1024px) 100vw, (max-width: 640px) 100vw, 1200px\" \/><\/span><\/div><div class=\"fusion-separator fusion-full-width-sep\" style=\"align-self: center;margin-left: auto;margin-right: auto;margin-top:50px;width:100%;\"><\/div><div ><style>.fusion-imageframe.imageframe-2 img{aspect-ratio:3 \/ 1;object-position:46% 13%;}<\/style><span class=\" fusion-imageframe imageframe-none imageframe-2 hover-type-none has-aspect-ratio\"><img decoding=\"async\" width=\"2560\" height=\"1707\" title=\"Team of professional cybersport gamers celebrating success in gaming club\" src=\"https:\/\/essentialfacts.ca\/wp-content\/uploads\/2022\/11\/AdobeStock_469955244-scaled.jpeg\" data-orig-src=\"https:\/\/essentialfacts.ca\/wp-content\/uploads\/2022\/11\/AdobeStock_469955244-scaled.jpeg\" class=\"lazyload img-responsive wp-image-1743 img-with-aspect-ratio\" alt srcset=\"data:image\/svg+xml,%3Csvg%20xmlns%3D%27http%3A%2F%2Fwww.w3.org%2F2000%2Fsvg%27%20width%3D%272560%27%20height%3D%271707%27%20viewBox%3D%270%200%202560%201707%27%3E%3Crect%20width%3D%272560%27%20height%3D%271707%27%20fill-opacity%3D%220%22%2F%3E%3C%2Fsvg%3E\" data-srcset=\"https:\/\/essentialfacts.ca\/wp-content\/uploads\/2022\/11\/AdobeStock_469955244-200x133.jpeg 200w, https:\/\/essentialfacts.ca\/wp-content\/uploads\/2022\/11\/AdobeStock_469955244-400x267.jpeg 400w, https:\/\/essentialfacts.ca\/wp-content\/uploads\/2022\/11\/AdobeStock_469955244-600x400.jpeg 600w, https:\/\/essentialfacts.ca\/wp-content\/uploads\/2022\/11\/AdobeStock_469955244-800x533.jpeg 800w, https:\/\/essentialfacts.ca\/wp-content\/uploads\/2022\/11\/AdobeStock_469955244-1200x800.jpeg 1200w, https:\/\/essentialfacts.ca\/wp-content\/uploads\/2022\/11\/AdobeStock_469955244-scaled.jpeg 2560w\" data-sizes=\"auto\" data-orig-sizes=\"(max-width: 1024px) 100vw, (max-width: 640px) 100vw, 1200px\" \/><\/span><\/div><div class=\"fusion-separator fusion-full-width-sep\" style=\"align-self: center;margin-left: auto;margin-right: auto;margin-top:50px;width:100%;\"><\/div><div class=\"fusion-text fusion-text-3\"><p style=\"text-align: center;\"><span style=\"font-size: 18px;\" data-fusion-font=\"true\"><b>Ont particip\u00e9 \u00e0 des activit\u00e9s li\u00e9es au sport \u00e9lectronique dans la derni\u00e8re ann\u00e9e<br \/>\nEnfants\/Adolescents<\/b><\/span><br \/>\n<i><span style=\"background-color: rgba(255, 255, 255, 0); color: var(--body_typography-color); font-family: var(--body_typography-font-family); font-size: var(--body_typography-font-size); font-weight: var(--body_typography-font-weight); letter-spacing: var(--body_typography-letter-spacing);\">Nombre total d\u2019enfants et d\u2019adolescents utilisateurs de jeux vid\u00e9o <\/span><span style=\"color: var(--body_typography-color); font-family: var(--body_typography-font-family); font-size: var(--body_typography-font-size); font-weight: var(--body_typography-font-weight); letter-spacing: var(--body_typography-letter-spacing); background-color: rgba(255, 255, 255, 0);\">(n=516)<\/span><\/i><\/p>\n<\/div><div style=\"text-align:center;\"><span class=\" fusion-imageframe imageframe-none imageframe-3 hover-type-none\" style=\"max-width:600px;\"><img decoding=\"async\" width=\"3096\" height=\"2446\" title=\"Slide19@4x\" src=\"https:\/\/essentialfacts.ca\/wp-content\/uploads\/2022\/11\/Slide19@4x.png\" data-orig-src=\"https:\/\/essentialfacts.ca\/wp-content\/uploads\/2022\/11\/Slide19@4x.png\" alt class=\"lazyload img-responsive wp-image-1816\" srcset=\"data:image\/svg+xml,%3Csvg%20xmlns%3D%27http%3A%2F%2Fwww.w3.org%2F2000%2Fsvg%27%20width%3D%273096%27%20height%3D%272446%27%20viewBox%3D%270%200%203096%202446%27%3E%3Crect%20width%3D%273096%27%20height%3D%272446%27%20fill-opacity%3D%220%22%2F%3E%3C%2Fsvg%3E\" data-srcset=\"https:\/\/essentialfacts.ca\/wp-content\/uploads\/2022\/11\/Slide19@4x-200x158.png 200w, https:\/\/essentialfacts.ca\/wp-content\/uploads\/2022\/11\/Slide19@4x-400x316.png 400w, https:\/\/essentialfacts.ca\/wp-content\/uploads\/2022\/11\/Slide19@4x-600x474.png 600w, https:\/\/essentialfacts.ca\/wp-content\/uploads\/2022\/11\/Slide19@4x-800x632.png 800w, https:\/\/essentialfacts.ca\/wp-content\/uploads\/2022\/11\/Slide19@4x-1200x948.png 1200w, https:\/\/essentialfacts.ca\/wp-content\/uploads\/2022\/11\/Slide19@4x.png 3096w\" data-sizes=\"auto\" data-orig-sizes=\"(max-width: 1024px) 100vw, (max-width: 640px) 100vw, 1200px\" \/><\/span><\/div><div class=\"fusion-separator fusion-full-width-sep\" style=\"align-self: center;margin-left: auto;margin-right: auto;margin-top:50px;width:100%;\"><\/div><div class=\"fusion-text fusion-text-4\"><p style=\"text-align: center;\"><span style=\"font-size: 18px;\" data-fusion-font=\"true\"><b>Consid\u00e9rez-vous les sports \u00e9lectroniques comme un choix de carri\u00e8re?<\/b><\/span><\/p>\n<\/div><div ><span class=\" fusion-imageframe imageframe-none imageframe-4 hover-type-none\"><img decoding=\"async\" width=\"3689\" height=\"1341\" title=\"Slide19C@4x\" src=\"https:\/\/essentialfacts.ca\/wp-content\/uploads\/2022\/11\/Slide19C@4x.png\" data-orig-src=\"https:\/\/essentialfacts.ca\/wp-content\/uploads\/2022\/11\/Slide19C@4x.png\" alt class=\"lazyload img-responsive wp-image-1818\" srcset=\"data:image\/svg+xml,%3Csvg%20xmlns%3D%27http%3A%2F%2Fwww.w3.org%2F2000%2Fsvg%27%20width%3D%273689%27%20height%3D%271341%27%20viewBox%3D%270%200%203689%201341%27%3E%3Crect%20width%3D%273689%27%20height%3D%271341%27%20fill-opacity%3D%220%22%2F%3E%3C%2Fsvg%3E\" data-srcset=\"https:\/\/essentialfacts.ca\/wp-content\/uploads\/2022\/11\/Slide19C@4x-200x73.png 200w, https:\/\/essentialfacts.ca\/wp-content\/uploads\/2022\/11\/Slide19C@4x-400x145.png 400w, https:\/\/essentialfacts.ca\/wp-content\/uploads\/2022\/11\/Slide19C@4x-600x218.png 600w, https:\/\/essentialfacts.ca\/wp-content\/uploads\/2022\/11\/Slide19C@4x-800x291.png 800w, https:\/\/essentialfacts.ca\/wp-content\/uploads\/2022\/11\/Slide19C@4x-1200x436.png 1200w, https:\/\/essentialfacts.ca\/wp-content\/uploads\/2022\/11\/Slide19C@4x.png 3689w\" data-sizes=\"auto\" data-orig-sizes=\"(max-width: 1024px) 100vw, (max-width: 640px) 100vw, 1200px\" \/><\/span><\/div><div class=\"fusion-separator fusion-full-width-sep\" style=\"align-self: center;margin-left: auto;margin-right: auto;margin-top:50px;width:100%;\"><\/div><div ><style>.fusion-imageframe.imageframe-5 img{aspect-ratio:3 \/ 1;}<\/style><span class=\" fusion-imageframe imageframe-none imageframe-5 hover-type-none has-aspect-ratio\"><img decoding=\"async\" width=\"2560\" height=\"1297\" title=\"Celebrating success. Team of happy proffesional cyber sport gamers giving high five to each other while participating in eSports tournament\" src=\"https:\/\/essentialfacts.ca\/wp-content\/uploads\/2022\/11\/AdobeStock_409831647-scaled.jpeg\" data-orig-src=\"https:\/\/essentialfacts.ca\/wp-content\/uploads\/2022\/11\/AdobeStock_409831647-scaled.jpeg\" class=\"lazyload img-responsive wp-image-1742 img-with-aspect-ratio\" alt srcset=\"data:image\/svg+xml,%3Csvg%20xmlns%3D%27http%3A%2F%2Fwww.w3.org%2F2000%2Fsvg%27%20width%3D%272560%27%20height%3D%271297%27%20viewBox%3D%270%200%202560%201297%27%3E%3Crect%20width%3D%272560%27%20height%3D%271297%27%20fill-opacity%3D%220%22%2F%3E%3C%2Fsvg%3E\" data-srcset=\"https:\/\/essentialfacts.ca\/wp-content\/uploads\/2022\/11\/AdobeStock_409831647-200x101.jpeg 200w, https:\/\/essentialfacts.ca\/wp-content\/uploads\/2022\/11\/AdobeStock_409831647-400x203.jpeg 400w, https:\/\/essentialfacts.ca\/wp-content\/uploads\/2022\/11\/AdobeStock_409831647-600x304.jpeg 600w, https:\/\/essentialfacts.ca\/wp-content\/uploads\/2022\/11\/AdobeStock_409831647-800x405.jpeg 800w, https:\/\/essentialfacts.ca\/wp-content\/uploads\/2022\/11\/AdobeStock_409831647-1200x608.jpeg 1200w, https:\/\/essentialfacts.ca\/wp-content\/uploads\/2022\/11\/AdobeStock_409831647-scaled.jpeg 2560w\" data-sizes=\"auto\" data-orig-sizes=\"(max-width: 1024px) 100vw, (max-width: 640px) 100vw, 1200px\" \/><\/span><\/div><\/div><style type=\"text\/css\">.fusion-body .fusion-builder-column-0{width:100% !important;margin-top : 0px;margin-bottom : 0px;}.fusion-builder-column-0 > .fusion-column-wrapper {padding-top : 0px !important;padding-right : 0px !important;margin-right : 1.92%;padding-bottom : 0px !important;padding-left : 0px !important;margin-left : 1.92%;}@media only screen and (max-width:1024px) {.fusion-body .fusion-builder-column-0{width:100% !important;order : 0;}.fusion-builder-column-0 > .fusion-column-wrapper {margin-right : 1.92%;margin-left : 1.92%;}}@media only screen and (max-width:640px) {.fusion-body .fusion-builder-column-0{width:100% !important;order : 0;}.fusion-builder-column-0 > .fusion-column-wrapper {margin-right : 1.92%;margin-left : 1.92%;}}<\/style><\/div><\/div><style type=\"text\/css\">.fusion-body .fusion-flex-container.fusion-builder-row-1{ padding-top : 0px;margin-top : 0px;padding-right : 0px;padding-bottom : 0px;margin-bottom : 0px;padding-left : 0px;}<\/style><\/div>\n","protected":false},"excerpt":{"rendered":"","protected":false},"author":1,"featured_media":0,"parent":0,"menu_order":0,"comment_status":"closed","ping_status":"closed","template":"100-width.php","meta":{"_monsterinsights_skip_tracking":false,"_monsterinsights_sitenote_active":false,"_monsterinsights_sitenote_note":"","_monsterinsights_sitenote_category":0,"footnotes":""},"class_list":["post-1759","page","type-page","status-publish","hentry"],"aioseo_notices":[],"_links":{"self":[{"href":"https:\/\/essentialfacts.ca\/fr\/wp-json\/wp\/v2\/pages\/1759","targetHints":{"allow":["GET"]}}],"collection":[{"href":"https:\/\/essentialfacts.ca\/fr\/wp-json\/wp\/v2\/pages"}],"about":[{"href":"https:\/\/essentialfacts.ca\/fr\/wp-json\/wp\/v2\/types\/page"}],"author":[{"embeddable":true,"href":"https:\/\/essentialfacts.ca\/fr\/wp-json\/wp\/v2\/users\/1"}],"replies":[{"embeddable":true,"href":"https:\/\/essentialfacts.ca\/fr\/wp-json\/wp\/v2\/comments?post=1759"}],"version-history":[{"count":2,"href":"https:\/\/essentialfacts.ca\/fr\/wp-json\/wp\/v2\/pages\/1759\/revisions"}],"predecessor-version":[{"id":1820,"href":"https:\/\/essentialfacts.ca\/fr\/wp-json\/wp\/v2\/pages\/1759\/revisions\/1820"}],"wp:attachment":[{"href":"https:\/\/essentialfacts.ca\/fr\/wp-json\/wp\/v2\/media?parent=1759"}],"curies":[{"name":"wp","href":"https:\/\/api.w.org\/{rel}","templated":true}]}}