{"id":1760,"date":"2022-11-08T23:53:21","date_gmt":"2022-11-08T23:53:21","guid":{"rendered":"https:\/\/essentialfacts.ca\/message-from-the-president-and-ceo\/"},"modified":"2022-11-09T04:01:36","modified_gmt":"2022-11-09T04:01:36","slug":"message-from-the-president-and-ceo","status":"publish","type":"page","link":"https:\/\/essentialfacts.ca\/fr\/message-from-the-president-and-ceo\/","title":{"rendered":"Message du pr\u00e9sident et chef de la direction"},"content":{"rendered":"<div class=\"fusion-fullwidth fullwidth-box fusion-builder-row-1 fusion-flex-container nonhundred-percent-fullwidth non-hundred-percent-height-scrolling\" style=\"background-color: rgba(255,255,255,0);background-position: center center;background-repeat: no-repeat;border-width: 0px 0px 0px 0px;border-color:var(--awb-color2);border-style:solid;\" ><div class=\"fusion-builder-row fusion-row fusion-flex-align-items-flex-start\" style=\"max-width:1144px;margin-left: calc(-4% \/ 2 );margin-right: calc(-4% \/ 2 );\"><div class=\"fusion-layout-column fusion_builder_column fusion-builder-column-0 fusion_builder_column_1_1 1_1 fusion-flex-column\"><div class=\"fusion-column-wrapper fusion-flex-justify-content-flex-start fusion-content-layout-column\" style=\"background-position:left top;background-blend-mode: overlay;background-repeat:no-repeat;-webkit-background-size:cover;-moz-background-size:cover;-o-background-size:cover;background-size:cover;padding: 0px 0px 0px 0px;\"><style type=\"text\/css\">@media only screen and (max-width:1024px) {.fusion-title.fusion-title-1{margin-top:30px!important; margin-right:0px!important;margin-bottom:31px!important;margin-left:0px!important;}}@media only screen and (max-width:640px) {.fusion-title.fusion-title-1{margin-top:30px!important; margin-right:0px!important;margin-bottom:20px!important; margin-left:0px!important;}}<\/style><div class=\"fusion-title title fusion-title-1 fusion-sep-none fusion-title-center fusion-title-text fusion-title-size-two\" style=\"font-size:36px;margin-top:30px;margin-right:0px;margin-bottom:31px;margin-left:0px;\"><h2 class=\"title-heading-center fusion-responsive-typography-calculated\" style=\"margin:0;font-size:1em;--fontSize:36;line-height:var(--awb-typography1-line-height);\">Message du pr\u00e9sident et chef de la direction<\/h2><\/div><div class=\"fusion-separator fusion-full-width-sep\" style=\"align-self: center;margin-left: auto;margin-right: auto;margin-top:25px;width:100%;\"><\/div><div class=\"fusion-text fusion-text-1\"><p>Au cours des deux derni\u00e8res ann\u00e9es et demie, les Canadiens ont v\u00e9cu plus de changements qu\u2019aucun d\u2019entre nous n\u2019aurait pu imaginer. Pendant cette p\u00e9riode, les jeux vid\u00e9o ont procur\u00e9 de la joie, un soulagement du stress et une occasion d\u2019interagir avec les autres. En fait, notre sondage Faits essentiels de 2022 a r\u00e9v\u00e9l\u00e9 que l\u2019un des changements les plus importants dans l\u2019utilisation des jeux vid\u00e9o, c\u2019est qu\u2019elle devient de plus en plus sociale.<\/p>\n<p>La communaut\u00e9 est un \u00e9l\u00e9ment de plus en plus important des jeux vid\u00e9o, et les Canadiens nouent de plus en plus de nouvelles amiti\u00e9s, b\u00e2tissent des communaut\u00e9s en ligne et passent du temps de qualit\u00e9 avec leur famille et leurs amis gr\u00e2ce aux jeux. Dans l\u2019ensemble, 49 % des joueurs adultes et 70 % des enfants jouent r\u00e9guli\u00e8rement aux jeux vid\u00e9o avec d\u2019autres personnes. Cela comprend un nombre croissant de parents et d\u2019enfants qui jouent ensemble et qui utilisent le jeu pour passer du temps pr\u00e9cieux en famille.<\/p>\n<p>Alors que les mill\u00e9niaux qui ont grandi avec une passion pour le jeu deviennent parents, ils partagent cet amour avec leurs enfants : 74 % des parents qui jouent \u00e0 des jeux vid\u00e9o disent qu\u2019ils jouent avec leurs enfants, soit une augmentation de 9 % au cours des deux derni\u00e8res ann\u00e9es. De plus, 69 % des parents qui jouent aux jeux vid\u00e9o estimaient que les jeux vid\u00e9o les aidaient \u00e0 passer plus de temps avec leurs enfants.<\/p>\n<p>Comme bon nombre d\u2019entre nous retournent au bureau et en classe, les Canadiens recherchent leur pr\u00e9cieux temps de repos et dans les jeux vid\u00e9o. En effet, 85 % des joueurs affirment que les jeux vid\u00e9o r\u00e9suisent le stress et 84 % disent qu\u2019il apportent de la joie.<\/p>\n<p>Les jeunes g\u00e9n\u00e9rations consid\u00e8rent de plus en plus les sports \u00e9lectroniques comme un cheminement de carri\u00e8re viable. Plus du tiers (36 %) des joueurs adultes et 28 % des joueurs adolescents ont particip\u00e9 aux sports \u00e9lectroniques au cours de la derni\u00e8re ann\u00e9e; 70 % d\u2019entre eux consid\u00e8rent les sports \u00e9lectroniques comme une possibilit\u00e9 de carri\u00e8re.<\/p>\n<p>L\u2019avenir du jeu au Canada est incroyablement prometteur et nous esp\u00e9rons avoir bient\u00f4t l\u2019occasion de jouer ensemble en ligne,<\/p>\n<p><b style=\"font-size: 18px;\" data-fusion-font=\"true\">Jayson Hilchie<\/b><br \/>\n<span style=\"background-color: rgba(255, 255, 255, 0); color: var(--body_typography-color); font-family: var(--body_typography-font-family); font-size: var(--body_typography-font-size); font-weight: var(--body_typography-font-weight); letter-spacing: var(--body_typography-letter-spacing);\"><i>Pr\u00e9sident et chef de la direction, L\u2019Association canadienne du logiciel de divertissement<\/i><\/span><\/p>\n<\/div><\/div><style type=\"text\/css\">.fusion-body .fusion-builder-column-0{width:100% !important;margin-top : 0px;margin-bottom : 0px;}.fusion-builder-column-0 > .fusion-column-wrapper {padding-top : 0px !important;padding-right : 0px !important;margin-right : 1.92%;padding-bottom : 0px !important;padding-left : 0px !important;margin-left : 1.92%;}@media only screen and (max-width:1024px) {.fusion-body .fusion-builder-column-0{width:100% !important;}.fusion-builder-column-0 > .fusion-column-wrapper {margin-right : 1.92%;margin-left : 1.92%;}}@media only screen and (max-width:640px) {.fusion-body .fusion-builder-column-0{width:100% !important;}.fusion-builder-column-0 > .fusion-column-wrapper {margin-right : 1.92%;margin-left : 1.92%;}}<\/style><\/div><\/div><style type=\"text\/css\">.fusion-body .fusion-flex-container.fusion-builder-row-1{ padding-top : 0px;margin-top : 0px;padding-right : 0px;padding-bottom : 0px;margin-bottom : 0px;padding-left : 0px;}<\/style><\/div>\n","protected":false},"excerpt":{"rendered":"","protected":false},"author":1,"featured_media":0,"parent":0,"menu_order":0,"comment_status":"closed","ping_status":"closed","template":"100-width.php","meta":{"_monsterinsights_skip_tracking":false,"_monsterinsights_sitenote_active":false,"_monsterinsights_sitenote_note":"","_monsterinsights_sitenote_category":0,"footnotes":""},"class_list":["post-1760","page","type-page","status-publish","hentry"],"aioseo_notices":[],"_links":{"self":[{"href":"https:\/\/essentialfacts.ca\/fr\/wp-json\/wp\/v2\/pages\/1760","targetHints":{"allow":["GET"]}}],"collection":[{"href":"https:\/\/essentialfacts.ca\/fr\/wp-json\/wp\/v2\/pages"}],"about":[{"href":"https:\/\/essentialfacts.ca\/fr\/wp-json\/wp\/v2\/types\/page"}],"author":[{"embeddable":true,"href":"https:\/\/essentialfacts.ca\/fr\/wp-json\/wp\/v2\/users\/1"}],"replies":[{"embeddable":true,"href":"https:\/\/essentialfacts.ca\/fr\/wp-json\/wp\/v2\/comments?post=1760"}],"version-history":[{"count":2,"href":"https:\/\/essentialfacts.ca\/fr\/wp-json\/wp\/v2\/pages\/1760\/revisions"}],"predecessor-version":[{"id":1840,"href":"https:\/\/essentialfacts.ca\/fr\/wp-json\/wp\/v2\/pages\/1760\/revisions\/1840"}],"wp:attachment":[{"href":"https:\/\/essentialfacts.ca\/fr\/wp-json\/wp\/v2\/media?parent=1760"}],"curies":[{"name":"wp","href":"https:\/\/api.w.org\/{rel}","templated":true}]}}