{"id":1761,"date":"2022-11-08T20:01:22","date_gmt":"2022-11-08T20:01:22","guid":{"rendered":"https:\/\/essentialfacts.ca\/the-social-gaming-landscape\/"},"modified":"2022-11-09T03:23:44","modified_gmt":"2022-11-09T03:23:44","slug":"the-social-gaming-landscape","status":"publish","type":"page","link":"https:\/\/essentialfacts.ca\/fr\/the-social-gaming-landscape\/","title":{"rendered":"Le paysage du jeu social"},"content":{"rendered":"<div class=\"fusion-fullwidth fullwidth-box fusion-builder-row-1 fusion-flex-container has-pattern-background has-mask-background nonhundred-percent-fullwidth non-hundred-percent-height-scrolling\" style=\"background-color: rgba(255,255,255,0);background-position: center center;background-repeat: no-repeat;border-width: 0px 0px 0px 0px;border-color:var(--awb-color2);border-style:solid;\" ><div class=\"fusion-builder-row fusion-row fusion-flex-align-items-flex-start\" style=\"max-width:1144px;margin-left: calc(-4% \/ 2 );margin-right: calc(-4% \/ 2 );\"><div class=\"fusion-layout-column fusion_builder_column fusion-builder-column-0 fusion_builder_column_1_1 1_1 fusion-flex-column\"><div class=\"fusion-column-wrapper fusion-flex-justify-content-flex-start fusion-content-layout-column\" style=\"background-position:left top;background-repeat:no-repeat;-webkit-background-size:cover;-moz-background-size:cover;-o-background-size:cover;background-size:cover;padding: 0px 0px 0px 0px;\"><style type=\"text\/css\">@media only screen and (max-width:1024px) {.fusion-title.fusion-title-1{margin-top:30px!important; margin-right:0px!important;margin-bottom:31px!important;margin-left:0px!important;}}@media only screen and (max-width:640px) {.fusion-title.fusion-title-1{margin-top:30px!important; margin-right:0px!important;margin-bottom:20px!important; margin-left:0px!important;}}<\/style><div class=\"fusion-title title fusion-title-1 fusion-sep-none fusion-title-center fusion-title-text fusion-title-size-two\" style=\"font-size:36px;margin-top:30px;margin-right:0px;margin-bottom:31px;margin-left:0px;\"><h2 class=\"title-heading-center fusion-responsive-typography-calculated\" style=\"margin:0;font-size:1em;--fontSize:36;line-height:var(--awb-typography1-line-height);\">Le paysage du jeu social<\/h2><\/div><div class=\"fusion-separator fusion-full-width-sep\" style=\"align-self: center;margin-left: auto;margin-right: auto;margin-top:25px;width:100%;\"><\/div><div class=\"fusion-text fusion-text-1\"><p>Les Canadiens se servent de plus en plus des jeux vid\u00e9o pour cr\u00e9er des communaut\u00e9s, rencontrer de nouvelles personnes et \u00e9tablir des liens r\u00e9els en ligne et dans le monde physique.<\/p>\n<p>Les principales raisons de jouer \u00e0 des jeux vid\u00e9o en ligne \u00e9taient de s\u2019amuser, d\u2019interagir socialement et de se mesurer aux autres.<\/p>\n<\/div><div class=\"fusion-text fusion-text-2\"><p style=\"text-align: center;\"><b style=\"font-size: 18px;\" data-fusion-font=\"true\">Pourquoi jouer aux jeux vid\u00e9o en ligne &#8211; Adultes<\/b><br \/>\n<i>Joueurs adultes de jeux vid\u00e9o en ligne<br \/>\n(n=1 804)<\/i><\/p>\n<\/div><div style=\"text-align:center;\"><span class=\" fusion-imageframe imageframe-none imageframe-1 hover-type-none\" style=\"max-width:600px;\"><img decoding=\"async\" width=\"2567\" height=\"1438\" title=\"SGL1FR@4x\" src=\"https:\/\/essentialfacts.ca\/wp-content\/uploads\/2022\/11\/SGL1FR@4x.png\" data-orig-src=\"https:\/\/essentialfacts.ca\/wp-content\/uploads\/2022\/11\/SGL1FR@4x.png\" alt class=\"lazyload img-responsive wp-image-1797\" srcset=\"data:image\/svg+xml,%3Csvg%20xmlns%3D%27http%3A%2F%2Fwww.w3.org%2F2000%2Fsvg%27%20width%3D%272567%27%20height%3D%271438%27%20viewBox%3D%270%200%202567%201438%27%3E%3Crect%20width%3D%272567%27%20height%3D%271438%27%20fill-opacity%3D%220%22%2F%3E%3C%2Fsvg%3E\" data-srcset=\"https:\/\/essentialfacts.ca\/wp-content\/uploads\/2022\/11\/SGL1FR@4x-200x112.png 200w, https:\/\/essentialfacts.ca\/wp-content\/uploads\/2022\/11\/SGL1FR@4x-400x224.png 400w, https:\/\/essentialfacts.ca\/wp-content\/uploads\/2022\/11\/SGL1FR@4x-600x336.png 600w, https:\/\/essentialfacts.ca\/wp-content\/uploads\/2022\/11\/SGL1FR@4x-800x448.png 800w, https:\/\/essentialfacts.ca\/wp-content\/uploads\/2022\/11\/SGL1FR@4x-1200x672.png 1200w, https:\/\/essentialfacts.ca\/wp-content\/uploads\/2022\/11\/SGL1FR@4x.png 2567w\" data-sizes=\"auto\" data-orig-sizes=\"(max-width: 1024px) 100vw, (max-width: 640px) 100vw, 1200px\" \/><\/span><\/div><div class=\"fusion-separator fusion-full-width-sep\" style=\"align-self: center;margin-left: auto;margin-right: auto;margin-top:25px;width:100%;\"><\/div><div ><style>.fusion-imageframe.imageframe-2 img{aspect-ratio:3 \/ 1;object-position:49% 17%;}<\/style><span class=\" fusion-imageframe imageframe-none imageframe-2 hover-type-none has-aspect-ratio\"><img decoding=\"async\" width=\"2560\" height=\"1440\" title=\"Young african gamer in headphones fervently playing in online shooter\" src=\"https:\/\/essentialfacts.ca\/wp-content\/uploads\/2022\/11\/Young-african-gamer-in-headphones-fervently-playing-in-online-shooter-1203795273_3840x2160-scaled.jpeg\" data-orig-src=\"https:\/\/essentialfacts.ca\/wp-content\/uploads\/2022\/11\/Young-african-gamer-in-headphones-fervently-playing-in-online-shooter-1203795273_3840x2160-scaled.jpeg\" class=\"lazyload img-responsive wp-image-1745 img-with-aspect-ratio\" alt srcset=\"data:image\/svg+xml,%3Csvg%20xmlns%3D%27http%3A%2F%2Fwww.w3.org%2F2000%2Fsvg%27%20width%3D%272560%27%20height%3D%271440%27%20viewBox%3D%270%200%202560%201440%27%3E%3Crect%20width%3D%272560%27%20height%3D%271440%27%20fill-opacity%3D%220%22%2F%3E%3C%2Fsvg%3E\" data-srcset=\"https:\/\/essentialfacts.ca\/wp-content\/uploads\/2022\/11\/Young-african-gamer-in-headphones-fervently-playing-in-online-shooter-1203795273_3840x2160-200x113.jpeg 200w, https:\/\/essentialfacts.ca\/wp-content\/uploads\/2022\/11\/Young-african-gamer-in-headphones-fervently-playing-in-online-shooter-1203795273_3840x2160-400x225.jpeg 400w, https:\/\/essentialfacts.ca\/wp-content\/uploads\/2022\/11\/Young-african-gamer-in-headphones-fervently-playing-in-online-shooter-1203795273_3840x2160-600x338.jpeg 600w, https:\/\/essentialfacts.ca\/wp-content\/uploads\/2022\/11\/Young-african-gamer-in-headphones-fervently-playing-in-online-shooter-1203795273_3840x2160-800x450.jpeg 800w, https:\/\/essentialfacts.ca\/wp-content\/uploads\/2022\/11\/Young-african-gamer-in-headphones-fervently-playing-in-online-shooter-1203795273_3840x2160-1200x675.jpeg 1200w, https:\/\/essentialfacts.ca\/wp-content\/uploads\/2022\/11\/Young-african-gamer-in-headphones-fervently-playing-in-online-shooter-1203795273_3840x2160-scaled.jpeg 2560w\" data-sizes=\"auto\" data-orig-sizes=\"(max-width: 1024px) 100vw, (max-width: 640px) 100vw, 1200px\" \/><\/span><\/div><div class=\"fusion-separator fusion-full-width-sep\" style=\"align-self: center;margin-left: auto;margin-right: auto;margin-top:50px;width:100%;\"><\/div><div class=\"fusion-text fusion-text-3\"><p>Les deux tiers des r\u00e9pondants \u00e9taient d\u2019avis que les jeux vid\u00e9o peuvent leur permettre de rencontrer de nouveaux amis et d\u2019\u00e9tablir de nouvelles relations, et pr\u00e8s de la moiti\u00e9 d\u2019entre eux ont d\u00e9clar\u00e9 qu\u2019ils avaient rencontr\u00e9 des gens au moyen de jeux vid\u00e9o qu\u2019ils n\u2019auraient pas rencontr\u00e9s autrement.<\/p>\n<p>De plus, la plupart des joueurs \u00e9taient d\u2019avis que les jeux vid\u00e9o \u00e9taient aussi une bonne fa\u00e7on de passer du temps de qualit\u00e9 avec leur famille et leur partenaire.<\/p>\n<\/div><div class=\"fusion-text fusion-text-4\"><p style=\"text-align: center; font-size: 18px;\" data-fusion-font=\"true\"><b>\u00c9nonc\u00e9s au sujet des jeux vid\u00e9o (tout \u00e0 fait d\u2019accord ou plut\u00f4t d\u2019accord)<\/b><\/p>\n<p style=\"text-align: center;\"><i>Nombre total d\u2019adultes qualifi\u00e9s<br \/><\/i><i><span style=\"background-color: rgba(255, 255, 255, 0); color: var(--body_typography-color); font-family: var(--body_typography-font-family); font-size: var(--body_typography-font-size); font-weight: var(--body_typography-font-weight); letter-spacing: var(--body_typography-letter-spacing);\">(n=2 575)<\/span><\/i><\/p>\n<\/div><div style=\"text-align:center;\"><span class=\" fusion-imageframe imageframe-none imageframe-3 hover-type-none\" style=\"max-width:600px;\"><img decoding=\"async\" width=\"2246\" height=\"1481\" title=\"SGL2FR@4x\" src=\"https:\/\/essentialfacts.ca\/wp-content\/uploads\/2022\/11\/SGL2FR@4x.png\" data-orig-src=\"https:\/\/essentialfacts.ca\/wp-content\/uploads\/2022\/11\/SGL2FR@4x.png\" alt class=\"lazyload img-responsive wp-image-1799\" srcset=\"data:image\/svg+xml,%3Csvg%20xmlns%3D%27http%3A%2F%2Fwww.w3.org%2F2000%2Fsvg%27%20width%3D%272246%27%20height%3D%271481%27%20viewBox%3D%270%200%202246%201481%27%3E%3Crect%20width%3D%272246%27%20height%3D%271481%27%20fill-opacity%3D%220%22%2F%3E%3C%2Fsvg%3E\" data-srcset=\"https:\/\/essentialfacts.ca\/wp-content\/uploads\/2022\/11\/SGL2FR@4x-200x132.png 200w, https:\/\/essentialfacts.ca\/wp-content\/uploads\/2022\/11\/SGL2FR@4x-400x264.png 400w, https:\/\/essentialfacts.ca\/wp-content\/uploads\/2022\/11\/SGL2FR@4x-600x396.png 600w, https:\/\/essentialfacts.ca\/wp-content\/uploads\/2022\/11\/SGL2FR@4x-800x528.png 800w, https:\/\/essentialfacts.ca\/wp-content\/uploads\/2022\/11\/SGL2FR@4x-1200x791.png 1200w, https:\/\/essentialfacts.ca\/wp-content\/uploads\/2022\/11\/SGL2FR@4x.png 2246w\" data-sizes=\"auto\" data-orig-sizes=\"(max-width: 1024px) 100vw, (max-width: 640px) 100vw, 1200px\" \/><\/span><\/div><div class=\"fusion-separator fusion-full-width-sep\" style=\"align-self: center;margin-left: auto;margin-right: auto;margin-top:25px;width:100%;\"><\/div><div ><style>.fusion-imageframe.imageframe-4 img{aspect-ratio:3 \/ 1;object-position:51% 10%;}<\/style><span class=\" fusion-imageframe imageframe-none imageframe-4 hover-type-none has-aspect-ratio\"><img decoding=\"async\" width=\"2560\" height=\"1588\" title=\"Young couple sitting on couch spending time together\" src=\"https:\/\/essentialfacts.ca\/wp-content\/uploads\/2022\/11\/Young-couple-sitting-on-couch-spending-time-together-1225746383_6577x4079-scaled.jpeg\" data-orig-src=\"https:\/\/essentialfacts.ca\/wp-content\/uploads\/2022\/11\/Young-couple-sitting-on-couch-spending-time-together-1225746383_6577x4079-scaled.jpeg\" class=\"lazyload img-responsive wp-image-1746 img-with-aspect-ratio\" alt srcset=\"data:image\/svg+xml,%3Csvg%20xmlns%3D%27http%3A%2F%2Fwww.w3.org%2F2000%2Fsvg%27%20width%3D%272560%27%20height%3D%271588%27%20viewBox%3D%270%200%202560%201588%27%3E%3Crect%20width%3D%272560%27%20height%3D%271588%27%20fill-opacity%3D%220%22%2F%3E%3C%2Fsvg%3E\" data-srcset=\"https:\/\/essentialfacts.ca\/wp-content\/uploads\/2022\/11\/Young-couple-sitting-on-couch-spending-time-together-1225746383_6577x4079-200x124.jpeg 200w, https:\/\/essentialfacts.ca\/wp-content\/uploads\/2022\/11\/Young-couple-sitting-on-couch-spending-time-together-1225746383_6577x4079-400x248.jpeg 400w, https:\/\/essentialfacts.ca\/wp-content\/uploads\/2022\/11\/Young-couple-sitting-on-couch-spending-time-together-1225746383_6577x4079-600x372.jpeg 600w, https:\/\/essentialfacts.ca\/wp-content\/uploads\/2022\/11\/Young-couple-sitting-on-couch-spending-time-together-1225746383_6577x4079-800x496.jpeg 800w, https:\/\/essentialfacts.ca\/wp-content\/uploads\/2022\/11\/Young-couple-sitting-on-couch-spending-time-together-1225746383_6577x4079-1200x744.jpeg 1200w, https:\/\/essentialfacts.ca\/wp-content\/uploads\/2022\/11\/Young-couple-sitting-on-couch-spending-time-together-1225746383_6577x4079-scaled.jpeg 2560w\" data-sizes=\"auto\" data-orig-sizes=\"(max-width: 1024px) 100vw, (max-width: 640px) 100vw, 1200px\" \/><\/span><\/div><\/div><style type=\"text\/css\">.fusion-body .fusion-builder-column-0{width:100% !important;margin-top : 0px;margin-bottom : 0px;}.fusion-builder-column-0 > .fusion-column-wrapper {padding-top : 0px !important;padding-right : 0px !important;margin-right : 1.92%;padding-bottom : 0px !important;padding-left : 0px !important;margin-left : 1.92%;}@media only screen and (max-width:1024px) {.fusion-body .fusion-builder-column-0{width:100% !important;order : 0;}.fusion-builder-column-0 > .fusion-column-wrapper {margin-right : 1.92%;margin-left : 1.92%;}}@media only screen and (max-width:640px) {.fusion-body .fusion-builder-column-0{width:100% !important;order : 0;}.fusion-builder-column-0 > .fusion-column-wrapper {margin-right : 1.92%;margin-left : 1.92%;}}<\/style><\/div><\/div><style type=\"text\/css\">.fusion-body .fusion-flex-container.fusion-builder-row-1{ padding-top : 0px;margin-top : 0px;padding-right : 0px;padding-bottom : 0px;margin-bottom : 0px;padding-left : 0px;}<\/style><\/div>\n","protected":false},"excerpt":{"rendered":"","protected":false},"author":1,"featured_media":0,"parent":0,"menu_order":0,"comment_status":"closed","ping_status":"closed","template":"100-width.php","meta":{"_monsterinsights_skip_tracking":false,"_monsterinsights_sitenote_active":false,"_monsterinsights_sitenote_note":"","_monsterinsights_sitenote_category":0,"footnotes":""},"class_list":["post-1761","page","type-page","status-publish","hentry"],"aioseo_notices":[],"_links":{"self":[{"href":"https:\/\/essentialfacts.ca\/fr\/wp-json\/wp\/v2\/pages\/1761","targetHints":{"allow":["GET"]}}],"collection":[{"href":"https:\/\/essentialfacts.ca\/fr\/wp-json\/wp\/v2\/pages"}],"about":[{"href":"https:\/\/essentialfacts.ca\/fr\/wp-json\/wp\/v2\/types\/page"}],"author":[{"embeddable":true,"href":"https:\/\/essentialfacts.ca\/fr\/wp-json\/wp\/v2\/users\/1"}],"replies":[{"embeddable":true,"href":"https:\/\/essentialfacts.ca\/fr\/wp-json\/wp\/v2\/comments?post=1761"}],"version-history":[{"count":3,"href":"https:\/\/essentialfacts.ca\/fr\/wp-json\/wp\/v2\/pages\/1761\/revisions"}],"predecessor-version":[{"id":1802,"href":"https:\/\/essentialfacts.ca\/fr\/wp-json\/wp\/v2\/pages\/1761\/revisions\/1802"}],"wp:attachment":[{"href":"https:\/\/essentialfacts.ca\/fr\/wp-json\/wp\/v2\/media?parent=1761"}],"curies":[{"name":"wp","href":"https:\/\/api.w.org\/{rel}","templated":true}]}}