{"id":1762,"date":"2022-11-08T20:00:54","date_gmt":"2022-11-08T20:00:54","guid":{"rendered":"https:\/\/essentialfacts.ca\/why-we-play-video-games\/"},"modified":"2022-11-09T03:16:19","modified_gmt":"2022-11-09T03:16:19","slug":"why-we-play-video-games","status":"publish","type":"page","link":"https:\/\/essentialfacts.ca\/fr\/why-we-play-video-games\/","title":{"rendered":"Pourquoi nous jouons \u00e0 des jeux vid\u00e9o"},"content":{"rendered":"<p><div class=\"fusion-fullwidth fullwidth-box fusion-builder-row-1 fusion-flex-container has-pattern-background has-mask-background nonhundred-percent-fullwidth non-hundred-percent-height-scrolling\" style=\"background-color: rgba(255,255,255,0);background-position: center center;background-repeat: no-repeat;border-width: 0px 0px 0px 0px;border-color:var(--awb-color2);border-style:solid;\" ><div class=\"fusion-builder-row fusion-row fusion-flex-align-items-flex-start\" style=\"max-width:1144px;margin-left: calc(-4% \/ 2 );margin-right: calc(-4% \/ 2 );\"><div class=\"fusion-layout-column fusion_builder_column fusion-builder-column-0 fusion_builder_column_1_1 1_1 fusion-flex-column\"><div class=\"fusion-column-wrapper fusion-flex-justify-content-flex-start fusion-content-layout-column\" style=\"background-position:left top;background-repeat:no-repeat;-webkit-background-size:cover;-moz-background-size:cover;-o-background-size:cover;background-size:cover;padding: 0px 0px 0px 0px;\"><style type=\"text\/css\">@media only screen and (max-width:1024px) {.fusion-title.fusion-title-1{margin-top:30px!important; margin-right:0px!important;margin-bottom:31px!important;margin-left:0px!important;}}@media only screen and (max-width:640px) {.fusion-title.fusion-title-1{margin-top:30px!important; margin-right:0px!important;margin-bottom:20px!important; margin-left:0px!important;}}<\/style><div class=\"fusion-title title fusion-title-1 fusion-sep-none fusion-title-center fusion-title-text fusion-title-size-two\" style=\"font-size:36px;margin-top:30px;margin-right:0px;margin-bottom:31px;margin-left:0px;\"><h2 class=\"title-heading-center fusion-responsive-typography-calculated\" style=\"margin:0;font-size:1em;--fontSize:36;line-height:var(--awb-typography1-line-height);\">Pourquoi nous jouons \u00e0 des jeux vid\u00e9o<\/h2><\/div><div class=\"fusion-separator fusion-full-width-sep\" style=\"align-self: center;margin-left: auto;margin-right: auto;margin-top:25px;width:100%;\"><\/div><div class=\"fusion-text fusion-text-1\"><p>\u00c0 mesure que les Canadiens retournent au bureau et sur le campus, les jeux leur donnent l\u2019occasion de s\u2019amuser, de se d\u00e9tendre et d\u2019acqu\u00e9rir de nouvelles comp\u00e9tences.<\/p>\n<\/div><\/div><style type=\"text\/css\">.fusion-body .fusion-builder-column-0{width:100% !important;margin-top : 0px;margin-bottom : 0px;}.fusion-builder-column-0 > .fusion-column-wrapper {padding-top : 0px !important;padding-right : 0px !important;margin-right : 1.92%;padding-bottom : 0px !important;padding-left : 0px !important;margin-left : 1.92%;}@media only screen and (max-width:1024px) {.fusion-body .fusion-builder-column-0{width:100% !important;order : 0;}.fusion-builder-column-0 > .fusion-column-wrapper {margin-right : 1.92%;margin-left : 1.92%;}}@media only screen and (max-width:640px) {.fusion-body .fusion-builder-column-0{width:100% !important;order : 0;}.fusion-builder-column-0 > .fusion-column-wrapper {margin-right : 1.92%;margin-left : 1.92%;}}<\/style><\/div><\/div><style type=\"text\/css\">.fusion-body .fusion-flex-container.fusion-builder-row-1{ padding-top : 0px;margin-top : 0px;padding-right : 0px;padding-bottom : 0px;margin-bottom : 0px;padding-left : 0px;}<\/style><\/div><div class=\"fusion-fullwidth fullwidth-box fusion-builder-row-2 fusion-flex-container has-pattern-background has-mask-background nonhundred-percent-fullwidth non-hundred-percent-height-scrolling\" style=\"background-color: rgba(255,255,255,0);background-position: center center;background-repeat: no-repeat;border-width: 0px 0px 0px 0px;border-color:var(--awb-color2);border-style:solid;\" ><div class=\"fusion-builder-row fusion-row fusion-flex-align-items-flex-start\" style=\"max-width:1144px;margin-left: calc(-4% \/ 2 );margin-right: calc(-4% \/ 2 );\"><div class=\"fusion-layout-column fusion_builder_column fusion-builder-column-1 fusion_builder_column_1_2 1_2 fusion-flex-column\"><div class=\"fusion-column-wrapper fusion-flex-justify-content-flex-start fusion-content-layout-column\" style=\"background-position:left top;background-repeat:no-repeat;-webkit-background-size:cover;-moz-background-size:cover;-o-background-size:cover;background-size:cover;padding: 0px 0px 0px 0px;\"><div class=\"fusion-text fusion-text-2\"><p style=\"text-align: center;\"><b style=\"font-size: 18px;\" data-fusion-font=\"true\">Raisons de jouer aux jeux vid\u00e9o<\/b><br \/>\n<i>Base: Nombre total d\u2019adultes qualifi\u00e9s (n=2 575)<\/i><\/p>\n<\/div><div ><span class=\" fusion-imageframe imageframe-none imageframe-1 hover-type-none\"><img decoding=\"async\" width=\"2631\" height=\"2289\" title=\"Slide9@4x\" src=\"https:\/\/essentialfacts.ca\/wp-content\/uploads\/2022\/11\/Slide9@4x-1.png\" data-orig-src=\"https:\/\/essentialfacts.ca\/wp-content\/uploads\/2022\/11\/Slide9@4x-1.png\" alt class=\"lazyload img-responsive wp-image-1791\" srcset=\"data:image\/svg+xml,%3Csvg%20xmlns%3D%27http%3A%2F%2Fwww.w3.org%2F2000%2Fsvg%27%20width%3D%272631%27%20height%3D%272289%27%20viewBox%3D%270%200%202631%202289%27%3E%3Crect%20width%3D%272631%27%20height%3D%272289%27%20fill-opacity%3D%220%22%2F%3E%3C%2Fsvg%3E\" data-srcset=\"https:\/\/essentialfacts.ca\/wp-content\/uploads\/2022\/11\/Slide9@4x-1-200x174.png 200w, https:\/\/essentialfacts.ca\/wp-content\/uploads\/2022\/11\/Slide9@4x-1-400x348.png 400w, https:\/\/essentialfacts.ca\/wp-content\/uploads\/2022\/11\/Slide9@4x-1-600x522.png 600w, https:\/\/essentialfacts.ca\/wp-content\/uploads\/2022\/11\/Slide9@4x-1-800x696.png 800w, https:\/\/essentialfacts.ca\/wp-content\/uploads\/2022\/11\/Slide9@4x-1-1200x1044.png 1200w, https:\/\/essentialfacts.ca\/wp-content\/uploads\/2022\/11\/Slide9@4x-1.png 2631w\" data-sizes=\"auto\" data-orig-sizes=\"(max-width: 1024px) 100vw, (max-width: 640px) 100vw, 600px\" \/><\/span><\/div><\/div><style type=\"text\/css\">.fusion-body .fusion-builder-column-1{width:50% !important;margin-top : 0px;margin-bottom : 0px;}.fusion-builder-column-1 > .fusion-column-wrapper {padding-top : 0px !important;padding-right : 0px !important;margin-right : 3.84%;padding-bottom : 0px !important;padding-left : 0px !important;margin-left : 3.84%;}@media only screen and (max-width:1024px) {.fusion-body .fusion-builder-column-1{width:100% !important;order : 0;}.fusion-builder-column-1 > .fusion-column-wrapper {margin-right : 1.92%;margin-left : 1.92%;}}@media only screen and (max-width:640px) {.fusion-body .fusion-builder-column-1{width:100% !important;order : 0;}.fusion-builder-column-1 > .fusion-column-wrapper {margin-right : 1.92%;margin-left : 1.92%;}}<\/style><\/div><div class=\"fusion-layout-column fusion_builder_column fusion-builder-column-2 fusion_builder_column_1_2 1_2 fusion-flex-column\"><div class=\"fusion-column-wrapper fusion-flex-justify-content-flex-start fusion-content-layout-column\" style=\"background-position:left top;background-repeat:no-repeat;-webkit-background-size:cover;-moz-background-size:cover;-o-background-size:cover;background-size:cover;padding: 0px 0px 0px 0px;\"><div class=\"fusion-text fusion-text-3\"><p style=\"text-align: center;\"><b style=\"font-size: 18px;\" data-fusion-font=\"true\">Raisons de jouer aux jeux vid\u00e9o par groupe d\u2019\u00e2ge<\/b><\/p>\n<\/div><div class=\"fusion-text fusion-text-4\"><p><b>18 \u00e0 34 ans, total des raisons<\/b><\/p>\n<ol>\n<li>Avoir du plaisir &#8211; avoir g\u00e9n\u00e9ralement une exp\u00e9rience agr\u00e9able (49 %)<\/li>\n<li>Se d\u00e9tendre &#8211; relaxer, d\u00e9compresser ou r\u00e9duire le stress (44 %)<\/li>\n<li>Passer le temps &#8211; pour combler le temps d\u2019attente, en pause ou pour se d\u00e9sennuyer (43 %)<\/li>\n<li>Temps personnel &#8211; passer du temps \u00e0 profiter de quelque chose seul (39 %)<\/li>\n<\/ol>\n<p><b>55 \u00e0 64 ans, total des raisons<\/b><\/p>\n<ol>\n<li>Passer le temps &#8211; pour combler le temps d\u2019attente, en pause ou pour se d\u00e9sennuyer (57 %)<\/li>\n<li>Se d\u00e9tendre &#8211; relaxer, d\u00e9compresser ou r\u00e9duire le stress (55 %)<\/li>\n<li>Avoir du plaisir &#8211; avoir g\u00e9n\u00e9ralement une exp\u00e9rience agr\u00e9able (54 %)<\/li>\n<li>Utiliser mon cerveau &#8211; r\u00e9soudre des probl\u00e8mes, penser de fa\u00e7on logique ou strat\u00e9gique (50 %)<\/li>\n<\/ol>\n<ul>\n<li>\n<p style=\"padding-left: 0px;\">Hommes 55+ (38 %), femmes 55+ (57 %)<\/p>\n<\/li>\n<\/ul>\n<\/div><\/div><style type=\"text\/css\">.fusion-body .fusion-builder-column-2{width:50% !important;margin-top : 0px;margin-bottom : 0px;}.fusion-builder-column-2 > .fusion-column-wrapper {padding-top : 0px !important;padding-right : 0px !important;margin-right : 3.84%;padding-bottom : 0px !important;padding-left : 0px !important;margin-left : 3.84%;}@media only screen and (max-width:1024px) {.fusion-body .fusion-builder-column-2{width:100% !important;order : 0;}.fusion-builder-column-2 > .fusion-column-wrapper {margin-right : 1.92%;margin-left : 1.92%;}}@media only screen and (max-width:640px) {.fusion-body .fusion-builder-column-2{width:100% !important;order : 0;}.fusion-builder-column-2 > .fusion-column-wrapper {margin-right : 1.92%;margin-left : 1.92%;}}<\/style><\/div><\/div><style type=\"text\/css\">.fusion-body .fusion-flex-container.fusion-builder-row-2{ padding-top : 0px;margin-top : 0px;padding-right : 0px;padding-bottom : 0px;margin-bottom : 0px;padding-left : 0px;}<\/style><\/div><div class=\"fusion-fullwidth fullwidth-box fusion-builder-row-3 fusion-flex-container has-pattern-background has-mask-background nonhundred-percent-fullwidth non-hundred-percent-height-scrolling\" style=\"background-color: rgba(255,255,255,0);background-position: center center;background-repeat: no-repeat;border-width: 0px 0px 0px 0px;border-color:var(--awb-color2);border-style:solid;\" ><div class=\"fusion-builder-row fusion-row fusion-flex-align-items-flex-start\" style=\"max-width:1144px;margin-left: calc(-4% \/ 2 );margin-right: calc(-4% \/ 2 );\"><div class=\"fusion-layout-column fusion_builder_column fusion-builder-column-3 fusion_builder_column_1_1 1_1 fusion-flex-column\"><div class=\"fusion-column-wrapper fusion-flex-justify-content-flex-start fusion-content-layout-column\" style=\"background-position:left top;background-repeat:no-repeat;-webkit-background-size:cover;-moz-background-size:cover;-o-background-size:cover;background-size:cover;padding: 0px 0px 0px 0px;\"><div class=\"fusion-separator fusion-full-width-sep\" style=\"align-self: center;margin-left: auto;margin-right: auto;margin-top:25px;width:100%;\"><\/div><div ><style>.fusion-imageframe.imageframe-2 img{aspect-ratio:2 \/ 1;object-position:43% 24%;}<\/style><span class=\" fusion-imageframe imageframe-none imageframe-2 hover-type-none has-aspect-ratio\"><img decoding=\"async\" width=\"2560\" height=\"1707\" title=\"Father And Son Sitting On Sofa In Lounge Playing Video Game\" src=\"https:\/\/essentialfacts.ca\/wp-content\/uploads\/2022\/11\/Father-And-Son-Sitting-On-Sofa-In-Lounge-Playing-Video-Game-807375068_5360x3574-scaled.jpeg\" data-orig-src=\"https:\/\/essentialfacts.ca\/wp-content\/uploads\/2022\/11\/Father-And-Son-Sitting-On-Sofa-In-Lounge-Playing-Video-Game-807375068_5360x3574-scaled.jpeg\" class=\"lazyload img-responsive wp-image-1747 img-with-aspect-ratio\" alt srcset=\"data:image\/svg+xml,%3Csvg%20xmlns%3D%27http%3A%2F%2Fwww.w3.org%2F2000%2Fsvg%27%20width%3D%272560%27%20height%3D%271707%27%20viewBox%3D%270%200%202560%201707%27%3E%3Crect%20width%3D%272560%27%20height%3D%271707%27%20fill-opacity%3D%220%22%2F%3E%3C%2Fsvg%3E\" data-srcset=\"https:\/\/essentialfacts.ca\/wp-content\/uploads\/2022\/11\/Father-And-Son-Sitting-On-Sofa-In-Lounge-Playing-Video-Game-807375068_5360x3574-200x133.jpeg 200w, https:\/\/essentialfacts.ca\/wp-content\/uploads\/2022\/11\/Father-And-Son-Sitting-On-Sofa-In-Lounge-Playing-Video-Game-807375068_5360x3574-400x267.jpeg 400w, https:\/\/essentialfacts.ca\/wp-content\/uploads\/2022\/11\/Father-And-Son-Sitting-On-Sofa-In-Lounge-Playing-Video-Game-807375068_5360x3574-600x400.jpeg 600w, https:\/\/essentialfacts.ca\/wp-content\/uploads\/2022\/11\/Father-And-Son-Sitting-On-Sofa-In-Lounge-Playing-Video-Game-807375068_5360x3574-800x533.jpeg 800w, https:\/\/essentialfacts.ca\/wp-content\/uploads\/2022\/11\/Father-And-Son-Sitting-On-Sofa-In-Lounge-Playing-Video-Game-807375068_5360x3574-1200x800.jpeg 1200w, https:\/\/essentialfacts.ca\/wp-content\/uploads\/2022\/11\/Father-And-Son-Sitting-On-Sofa-In-Lounge-Playing-Video-Game-807375068_5360x3574-scaled.jpeg 2560w\" data-sizes=\"auto\" data-orig-sizes=\"(max-width: 1024px) 100vw, (max-width: 640px) 100vw, 1200px\" \/><\/span><\/div><div class=\"fusion-separator fusion-full-width-sep\" style=\"align-self: center;margin-left: auto;margin-right: auto;margin-top:25px;width:100%;\"><\/div><div class=\"fusion-text fusion-text-5\"><p>Les jeux vid\u00e9o soulagent le stress, apportent de la joie aux gens et aident \u00e0 am\u00e9liorer les habilet\u00e9s cognitives. Ils sont \u00e9galement consid\u00e9r\u00e9s comme un outil important pour acqu\u00e9rir des comp\u00e9tences en r\u00e9solution de probl\u00e8mes et favoriser la collaboration et le travail d\u2019\u00e9quipe entre les groupes d\u2019\u00e2ge.<\/p>\n<\/div><div class=\"fusion-separator fusion-full-width-sep\" style=\"align-self: center;margin-left: auto;margin-right: auto;margin-top:25px;width:100%;\"><\/div><div class=\"fusion-text fusion-text-6\"><p style=\"text-align: center;\"><b><span style=\"font-size: 18px;\" data-fusion-font=\"true\">Avantages de jouer \u00e0 des jeux vid\u00e9o<\/span><br \/>\n<span style=\"font-size: 18px;\" data-fusion-font=\"true\">(tout \u00e0 fait d\u2019accord ou plut\u00f4t d\u2019accord)<\/span><\/b><br \/>\n<i>Nombre total d\u2019adultes qualifi\u00e9s (n=2 575)<\/i><\/p>\n<\/div><div style=\"text-align:center;\"><span class=\" fusion-imageframe imageframe-none imageframe-3 hover-type-none\" style=\"max-width:600px;\"><img decoding=\"async\" width=\"2899\" height=\"1656\" title=\"Slide11_1@4x\" src=\"https:\/\/essentialfacts.ca\/wp-content\/uploads\/2022\/11\/Slide11_1@4x-1.png\" data-orig-src=\"https:\/\/essentialfacts.ca\/wp-content\/uploads\/2022\/11\/Slide11_1@4x-1.png\" alt class=\"lazyload img-responsive wp-image-1793\" srcset=\"data:image\/svg+xml,%3Csvg%20xmlns%3D%27http%3A%2F%2Fwww.w3.org%2F2000%2Fsvg%27%20width%3D%272899%27%20height%3D%271656%27%20viewBox%3D%270%200%202899%201656%27%3E%3Crect%20width%3D%272899%27%20height%3D%271656%27%20fill-opacity%3D%220%22%2F%3E%3C%2Fsvg%3E\" data-srcset=\"https:\/\/essentialfacts.ca\/wp-content\/uploads\/2022\/11\/Slide11_1@4x-1-200x114.png 200w, https:\/\/essentialfacts.ca\/wp-content\/uploads\/2022\/11\/Slide11_1@4x-1-400x228.png 400w, https:\/\/essentialfacts.ca\/wp-content\/uploads\/2022\/11\/Slide11_1@4x-1-600x343.png 600w, https:\/\/essentialfacts.ca\/wp-content\/uploads\/2022\/11\/Slide11_1@4x-1-800x457.png 800w, https:\/\/essentialfacts.ca\/wp-content\/uploads\/2022\/11\/Slide11_1@4x-1-1200x685.png 1200w, https:\/\/essentialfacts.ca\/wp-content\/uploads\/2022\/11\/Slide11_1@4x-1.png 2899w\" data-sizes=\"auto\" data-orig-sizes=\"(max-width: 1024px) 100vw, (max-width: 640px) 100vw, 1200px\" \/><\/span><\/div><div class=\"fusion-separator fusion-full-width-sep\" style=\"align-self: center;margin-left: auto;margin-right: auto;margin-top:50px;width:100%;\"><\/div><div class=\"fusion-text fusion-text-7\"><p style=\"text-align: center;\"><b><span style=\"font-size: 18px;\" data-fusion-font=\"true\">Avantages de jouer \u00e0 des jeux vid\u00e9o<\/span><br \/>\n<span style=\"font-size: 18px;\" data-fusion-font=\"true\">(tout \u00e0 fait d\u2019accord ou plut\u00f4t d\u2019accord)<\/span><\/b><br \/>\n<i>Nombre total d\u2019adultes qualifi\u00e9s (n=2 575)<\/i><\/p>\n<\/div><div style=\"text-align:center;\"><span class=\" fusion-imageframe imageframe-none imageframe-4 hover-type-none\" style=\"max-width:400px;\"><img decoding=\"async\" width=\"1566\" height=\"1348\" title=\"Slide12@4x\" src=\"https:\/\/essentialfacts.ca\/wp-content\/uploads\/2022\/11\/Slide12@4x.png\" data-orig-src=\"https:\/\/essentialfacts.ca\/wp-content\/uploads\/2022\/11\/Slide12@4x.png\" alt class=\"lazyload img-responsive wp-image-1729\" srcset=\"data:image\/svg+xml,%3Csvg%20xmlns%3D%27http%3A%2F%2Fwww.w3.org%2F2000%2Fsvg%27%20width%3D%271566%27%20height%3D%271348%27%20viewBox%3D%270%200%201566%201348%27%3E%3Crect%20width%3D%271566%27%20height%3D%271348%27%20fill-opacity%3D%220%22%2F%3E%3C%2Fsvg%3E\" data-srcset=\"https:\/\/essentialfacts.ca\/wp-content\/uploads\/2022\/11\/Slide12@4x-200x172.png 200w, https:\/\/essentialfacts.ca\/wp-content\/uploads\/2022\/11\/Slide12@4x-400x344.png 400w, https:\/\/essentialfacts.ca\/wp-content\/uploads\/2022\/11\/Slide12@4x-600x516.png 600w, https:\/\/essentialfacts.ca\/wp-content\/uploads\/2022\/11\/Slide12@4x-800x689.png 800w, https:\/\/essentialfacts.ca\/wp-content\/uploads\/2022\/11\/Slide12@4x-1200x1033.png 1200w, https:\/\/essentialfacts.ca\/wp-content\/uploads\/2022\/11\/Slide12@4x.png 1566w\" data-sizes=\"auto\" data-orig-sizes=\"(max-width: 1024px) 100vw, (max-width: 640px) 100vw, 1200px\" \/><\/span><\/div><\/div><style type=\"text\/css\">.fusion-body .fusion-builder-column-3{width:100% !important;margin-top : 0px;margin-bottom : 0px;}.fusion-builder-column-3 > .fusion-column-wrapper {padding-top : 0px !important;padding-right : 0px !important;margin-right : 1.92%;padding-bottom : 0px !important;padding-left : 0px !important;margin-left : 1.92%;}@media only screen and (max-width:1024px) {.fusion-body .fusion-builder-column-3{width:100% !important;order : 0;}.fusion-builder-column-3 > .fusion-column-wrapper {margin-right : 1.92%;margin-left : 1.92%;}}@media only screen and (max-width:640px) {.fusion-body .fusion-builder-column-3{width:100% !important;order : 0;}.fusion-builder-column-3 > .fusion-column-wrapper {margin-right : 1.92%;margin-left : 1.92%;}}<\/style><\/div><\/div><style type=\"text\/css\">.fusion-body .fusion-flex-container.fusion-builder-row-3{ padding-top : 0px;margin-top : 0px;padding-right : 0px;padding-bottom : 0px;margin-bottom : 0px;padding-left : 0px;}<\/style><\/div><\/p>\n","protected":false},"excerpt":{"rendered":"","protected":false},"author":1,"featured_media":0,"parent":0,"menu_order":0,"comment_status":"closed","ping_status":"closed","template":"100-width.php","meta":{"_monsterinsights_skip_tracking":false,"_monsterinsights_sitenote_active":false,"_monsterinsights_sitenote_note":"","_monsterinsights_sitenote_category":0,"footnotes":""},"class_list":["post-1762","page","type-page","status-publish","hentry"],"aioseo_notices":[],"_links":{"self":[{"href":"https:\/\/essentialfacts.ca\/fr\/wp-json\/wp\/v2\/pages\/1762","targetHints":{"allow":["GET"]}}],"collection":[{"href":"https:\/\/essentialfacts.ca\/fr\/wp-json\/wp\/v2\/pages"}],"about":[{"href":"https:\/\/essentialfacts.ca\/fr\/wp-json\/wp\/v2\/types\/page"}],"author":[{"embeddable":true,"href":"https:\/\/essentialfacts.ca\/fr\/wp-json\/wp\/v2\/users\/1"}],"replies":[{"embeddable":true,"href":"https:\/\/essentialfacts.ca\/fr\/wp-json\/wp\/v2\/comments?post=1762"}],"version-history":[{"count":2,"href":"https:\/\/essentialfacts.ca\/fr\/wp-json\/wp\/v2\/pages\/1762\/revisions"}],"predecessor-version":[{"id":1795,"href":"https:\/\/essentialfacts.ca\/fr\/wp-json\/wp\/v2\/pages\/1762\/revisions\/1795"}],"wp:attachment":[{"href":"https:\/\/essentialfacts.ca\/fr\/wp-json\/wp\/v2\/media?parent=1762"}],"curies":[{"name":"wp","href":"https:\/\/api.w.org\/{rel}","templated":true}]}}